{"id":29167,"date":"2023-01-20T10:27:21","date_gmt":"2023-01-20T15:27:21","guid":{"rendered":"https:\/\/camipro.ca\/?page_id=29167"},"modified":"2023-02-10T13:44:57","modified_gmt":"2023-02-10T18:44:57","slug":"financement-dequipement-agricole","status":"publish","type":"page","link":"https:\/\/camipro.ca\/fr\/financement-dequipement-agricole\/","title":{"rendered":"Financement d\u2019\u00e9quipement agricole"},"content":{"rendered":"<p>Les sp\u00e9cialistes en services financiers de Capital Camipro sont en mesure d&rsquo;obtenir rapidement le financement d&rsquo;\u00e9quipement agricole dont vous avez besoin. Connaissant les rouages du m\u00e9tier et les crit\u00e8res des institutions financi\u00e8res, nos experts conseils sauront vous diriger vers le type de financement adapt\u00e9 \u00e0 votre situation et vous accompagneront tout au long du processus de financement.<\/p>\n<p>Voici quelques exemples d&rsquo;\u00e9quipements agricoles finan\u00e7ables :<\/p>\n<ul>\n<li>Tracteur<\/li>\n<li>Moissonneuse-batteuse<\/li>\n<li>Semoir<\/li>\n<li>Laboureuse<\/li>\n<li>Butteuse<\/li>\n<li>\u00c9pandeuse<\/li>\n<li>Arroseuse<\/li>\n<li>Niveleuse<\/li>\n<li>Vibroculteur<\/li>\n<li>Cultivateur<\/li>\n<li>Et bien d&rsquo;autres<\/li>\n<\/ul>\n<blockquote>\n<h2>Le saviez-vous?<\/h2>\n<p>La production agricole et la transformation agroalimentaire au Qu\u00e9bec repr\u00e9sentent plus de 5% du PIB qu\u00e9b\u00e9cois, g\u00e9n\u00e9rant plus de 223 000 emplois et 21.8 milliards de dollars de PIB. (*Source : UPA f\u00e9vrier 2019, pour l&rsquo;ann\u00e9e 2017*).<\/p>\n<p><strong>Capital Camipro, fier partenaire des agriculteurs du Qu\u00e9bec et ce, depuis plus de 20 ans.<\/strong><\/p><\/blockquote>\n","protected":false},"excerpt":{"rendered":"<p>Les sp\u00e9cialistes en services financiers de Capital Camipro sont en mesure d&rsquo;obtenir rapidement le financement d&rsquo;\u00e9quipement agricole dont vous avez besoin. Connaissant les rouages du m\u00e9tier et les crit\u00e8res des institutions financi\u00e8res, nos experts conseils sauront vous diriger vers le type de financement adapt\u00e9 \u00e0 votre situation et vous accompagneront tout au long du processus &hellip; <a href=\"https:\/\/camipro.ca\/fr\/financement-dequipement-agricole\/\">Suite<\/a><\/p>\n","protected":false},"author":1,"featured_media":0,"parent":0,"menu_order":0,"comment_status":"closed","ping_status":"closed","template":"template-custom.php","meta":[],"acf":{"contact_form_custom_html_id":"","content_featured_type":"image","content_featured_image":{"ID":29670,"id":29670,"title":"Financement-equipement-agricole","filename":"Financement-equipement-agricole-1.jpeg","filesize":88983,"url":"https:\/\/camipro.ca\/wp-content\/uploads\/2023\/02\/Financement-equipement-agricole-1.jpeg","link":"https:\/\/camipro.ca\/fr\/financement-dequipement-agricole\/financement-equipement-agricole-2\/","alt":"","author":"1","description":"","caption":"","name":"financement-equipement-agricole-2","status":"inherit","uploaded_to":29167,"date":"2023-02-10 18:44:53","modified":"2023-02-10 18:44:53","menu_order":0,"mime_type":"image\/jpeg","type":"image","subtype":"jpeg","icon":"https:\/\/camipro.ca\/wp-includes\/images\/media\/default.png","width":750,"height":330,"sizes":{"thumbnail":"https:\/\/camipro.ca\/wp-content\/uploads\/2023\/02\/Financement-equipement-agricole-1-150x150.jpeg","thumbnail-width":150,"thumbnail-height":150,"medium":"https:\/\/camipro.ca\/wp-content\/uploads\/2023\/02\/Financement-equipement-agricole-1-300x132.jpeg","medium-width":300,"medium-height":132,"medium_large":"https:\/\/camipro.ca\/wp-content\/uploads\/2023\/02\/Financement-equipement-agricole-1.jpeg","medium_large-width":750,"medium_large-height":330,"large":"https:\/\/camipro.ca\/wp-content\/uploads\/2023\/02\/Financement-equipement-agricole-1.jpeg","large-width":750,"large-height":330,"1536x1536":"https:\/\/camipro.ca\/wp-content\/uploads\/2023\/02\/Financement-equipement-agricole-1.jpeg","1536x1536-width":750,"1536x1536-height":330,"2048x2048":"https:\/\/camipro.ca\/wp-content\/uploads\/2023\/02\/Financement-equipement-agricole-1.jpeg","2048x2048-width":750,"2048x2048-height":330,"article-details":"https:\/\/camipro.ca\/wp-content\/uploads\/2023\/02\/Financement-equipement-agricole-1-745x328.jpeg","article-details-width":745,"article-details-height":328,"article-listing":"https:\/\/camipro.ca\/wp-content\/uploads\/2023\/02\/Financement-equipement-agricole-1-745x328.jpeg","article-listing-width":745,"article-listing-height":328,"event-details":"https:\/\/camipro.ca\/wp-content\/uploads\/2023\/02\/Financement-equipement-agricole-1-745x328.jpeg","event-details-width":745,"event-details-height":328,"event-listing":"https:\/\/camipro.ca\/wp-content\/uploads\/2023\/02\/Financement-equipement-agricole-1-745x328.jpeg","event-listing-width":745,"event-listing-height":328,"feat-article":"https:\/\/camipro.ca\/wp-content\/uploads\/2023\/02\/Financement-equipement-agricole-1-720x317.jpeg","feat-article-width":720,"feat-article-height":317,"feat-cta":"https:\/\/camipro.ca\/wp-content\/uploads\/2023\/02\/Financement-equipement-agricole-1-745x328.jpeg","feat-cta-width":745,"feat-cta-height":328,"feat-content":"https:\/\/camipro.ca\/wp-content\/uploads\/2023\/02\/Financement-equipement-agricole-1-745x328.jpeg","feat-content-width":745,"feat-content-height":328,"feat-event":"https:\/\/camipro.ca\/wp-content\/uploads\/2023\/02\/Financement-equipement-agricole-1-720x317.jpeg","feat-event-width":720,"feat-event-height":317,"feat-makes":"https:\/\/camipro.ca\/wp-content\/uploads\/2023\/02\/Financement-equipement-agricole-1-182x80.jpeg","feat-makes-width":182,"feat-makes-height":80,"feat-related":"https:\/\/camipro.ca\/wp-content\/uploads\/2023\/02\/Financement-equipement-agricole-1-720x317.jpeg","feat-related-width":720,"feat-related-height":317,"filter-category":"https:\/\/camipro.ca\/wp-content\/uploads\/2023\/02\/Financement-equipement-agricole-1-486x330.jpeg","filter-category-width":486,"filter-category-height":330,"products-listing-new":"https:\/\/camipro.ca\/wp-content\/uploads\/2023\/02\/Financement-equipement-agricole-1-460x202.jpeg","products-listing-new-width":460,"products-listing-new-height":202,"products-gallery":"https:\/\/camipro.ca\/wp-content\/uploads\/2023\/02\/Financement-equipement-agricole-1-745x328.jpeg","products-gallery-width":745,"products-gallery-height":328,"promos-details":"https:\/\/camipro.ca\/wp-content\/uploads\/2023\/02\/Financement-equipement-agricole-1-745x328.jpeg","promos-details-width":745,"promos-details-height":328,"promos-listing":"https:\/\/camipro.ca\/wp-content\/uploads\/2023\/02\/Financement-equipement-agricole-1-745x328.jpeg","promos-listing-width":745,"promos-listing-height":328,"relative-product-article":"https:\/\/camipro.ca\/wp-content\/uploads\/2023\/02\/Financement-equipement-agricole-1-745x328.jpeg","relative-product-article-width":745,"relative-product-article-height":328,"relative-product-event":"https:\/\/camipro.ca\/wp-content\/uploads\/2023\/02\/Financement-equipement-agricole-1-745x328.jpeg","relative-product-event-width":745,"relative-product-event-height":328,"relative-product-new":"https:\/\/camipro.ca\/wp-content\/uploads\/2023\/02\/Financement-equipement-agricole-1-690x304.jpeg","relative-product-new-width":690,"relative-product-new-height":304,"relative-product-promo":"https:\/\/camipro.ca\/wp-content\/uploads\/2023\/02\/Financement-equipement-agricole-1-745x328.jpeg","relative-product-promo-width":745,"relative-product-promo-height":328,"slider-main":"https:\/\/camipro.ca\/wp-content\/uploads\/2023\/02\/Financement-equipement-agricole-1.jpeg","slider-main-width":750,"slider-main-height":330,"slider-main-mobile":"https:\/\/camipro.ca\/wp-content\/uploads\/2023\/02\/Financement-equipement-agricole-1.jpeg","slider-main-mobile-width":750,"slider-main-mobile-height":330,"slider-main-fullwidth":"https:\/\/camipro.ca\/wp-content\/uploads\/2023\/02\/Financement-equipement-agricole-1.jpeg","slider-main-fullwidth-width":750,"slider-main-fullwidth-height":330,"slider-main-fullwidth-narrow":"https:\/\/camipro.ca\/wp-content\/uploads\/2023\/02\/Financement-equipement-agricole-1.jpeg","slider-main-fullwidth-narrow-width":750,"slider-main-fullwidth-narrow-height":330,"map-footer":"https:\/\/camipro.ca\/wp-content\/uploads\/2023\/02\/Financement-equipement-agricole-1.jpeg","map-footer-width":750,"map-footer-height":330,"map-footer-mobile":"https:\/\/camipro.ca\/wp-content\/uploads\/2023\/02\/Financement-equipement-agricole-1.jpeg","map-footer-mobile-width":750,"map-footer-mobile-height":330,"map-footer-fullwidth":"https:\/\/camipro.ca\/wp-content\/uploads\/2023\/02\/Financement-equipement-agricole-1.jpeg","map-footer-fullwidth-width":750,"map-footer-fullwidth-height":330,"map-footer-fullwidth-narrow":"https:\/\/camipro.ca\/wp-content\/uploads\/2023\/02\/Financement-equipement-agricole-1.jpeg","map-footer-fullwidth-narrow-width":750,"map-footer-fullwidth-narrow-height":330,"team-listing":"https:\/\/camipro.ca\/wp-content\/uploads\/2023\/02\/Financement-equipement-agricole-1-450x198.jpeg","team-listing-width":450,"team-listing-height":198,"team-sidebar":"https:\/\/camipro.ca\/wp-content\/uploads\/2023\/02\/Financement-equipement-agricole-1-720x317.jpeg","team-sidebar-width":720,"team-sidebar-height":317,"history-timeline":"https:\/\/camipro.ca\/wp-content\/uploads\/2023\/02\/Financement-equipement-agricole-1-380x167.jpeg","history-timeline-width":380,"history-timeline-height":167,"automatic-popup":"https:\/\/camipro.ca\/wp-content\/uploads\/2023\/02\/Financement-equipement-agricole-1.jpeg","automatic-popup-width":750,"automatic-popup-height":330,"wc-feat-brands":"https:\/\/camipro.ca\/wp-content\/uploads\/2023\/02\/Financement-equipement-agricole-1-170x75.jpeg","wc-feat-brands-width":170,"wc-feat-brands-height":75,"wc-products-details-brands":"https:\/\/camipro.ca\/wp-content\/uploads\/2023\/02\/Financement-equipement-agricole-1-170x75.jpeg","wc-products-details-brands-width":170,"wc-products-details-brands-height":75}}},"_links":{"self":[{"href":"https:\/\/camipro.ca\/fr\/wp-json\/wp\/v2\/pages\/29167"}],"collection":[{"href":"https:\/\/camipro.ca\/fr\/wp-json\/wp\/v2\/pages"}],"about":[{"href":"https:\/\/camipro.ca\/fr\/wp-json\/wp\/v2\/types\/page"}],"author":[{"embeddable":true,"href":"https:\/\/camipro.ca\/fr\/wp-json\/wp\/v2\/users\/1"}],"replies":[{"embeddable":true,"href":"https:\/\/camipro.ca\/fr\/wp-json\/wp\/v2\/comments?post=29167"}],"version-history":[{"count":12,"href":"https:\/\/camipro.ca\/fr\/wp-json\/wp\/v2\/pages\/29167\/revisions"}],"predecessor-version":[{"id":29672,"href":"https:\/\/camipro.ca\/fr\/wp-json\/wp\/v2\/pages\/29167\/revisions\/29672"}],"wp:attachment":[{"href":"https:\/\/camipro.ca\/fr\/wp-json\/wp\/v2\/media?parent=29167"}],"curies":[{"name":"wp","href":"https:\/\/api.w.org\/{rel}","templated":true}]}}