{"id":29135,"date":"2023-01-20T10:21:19","date_gmt":"2023-01-20T15:21:19","guid":{"rendered":"https:\/\/camipro.ca\/?page_id=29135"},"modified":"2023-02-10T13:37:23","modified_gmt":"2023-02-10T18:37:23","slug":"importation-et-exportation-de-vehicules","status":"publish","type":"page","link":"https:\/\/camipro.ca\/fr\/importation-et-exportation-de-vehicules\/","title":{"rendered":"Importation et exportation de v\u00e9hicules"},"content":{"rendered":"<p>Capital Camipro offre un service cl\u00e9 en main pour l&rsquo;importation et l&rsquo;exportation de v\u00e9hicules \u00e0 l&rsquo;\u00e9tranger. En effet, nos conseillers en services financiers sont en mesure de traiter rapidement tous les documents n\u00e9cessaires au d\u00e9douanement de v\u00e9hicule, d&rsquo;\u00e9quipement ou de machinerie lourde. Capital Camipro vous offre \u00e9galement la possibilit\u00e9 d&rsquo;obtenir un cr\u00e9dit-bail en devise am\u00e9ricaine. Ainsi, le taux de change n&rsquo;aura aucun impact pour vous.<\/p>\n<h2>Accommodation et d\u00e9douanement<\/h2>\n<p>Lorsqu&rsquo;un commer\u00e7ant du Qu\u00e9bec agit \u00e0 titre d&rsquo;interm\u00e9diaire entre deux parties et est responsable du financement, on parle alors d&rsquo;une vente d&rsquo;accommodation accompagn\u00e9 d&rsquo;un d\u00e9douanement.<\/p>\n<ul>\n<li>Large \u00e9ventail de pr\u00eateurs et d&rsquo;institutions bancaires pour un pr\u00eat adapt\u00e9 \u00e0 vos besoins<\/li>\n<li>Service cl\u00e9 en main tr\u00e8s rapide pour l&rsquo;achat et\/ou la vente d&rsquo;un v\u00e9hicule \u00e0 l&rsquo;\u00e9tranger<\/li>\n<li>Service de change : nos taux de conversion US sont les meilleurs sur le march\u00e9<\/li>\n<li>Prise en charge imm\u00e9diate des documents pour le d\u00e9douanement<\/li>\n<li>V\u00e9rification que le v\u00e9hicule est libre de tous liens<\/li>\n<\/ul>\n<blockquote>\n<h2>Vous avez flair\u00e9 une bonne affaire \u00e0 l&rsquo;\u00e9tranger?<\/h2>\n<p><a href=\"#sidebar\">Contactez-nous<\/a>! Notre \u00e9quipe se fera un plaisir de vous accompagner du d\u00e9but \u00e0 la fin de la transaction.<\/p><\/blockquote>\n","protected":false},"excerpt":{"rendered":"<p>Capital Camipro offre un service cl\u00e9 en main pour l&rsquo;importation et l&rsquo;exportation de v\u00e9hicules \u00e0 l&rsquo;\u00e9tranger. En effet, nos conseillers en services financiers sont en mesure de traiter rapidement tous les documents n\u00e9cessaires au d\u00e9douanement de v\u00e9hicule, d&rsquo;\u00e9quipement ou de machinerie lourde. Capital Camipro vous offre \u00e9galement la possibilit\u00e9 d&rsquo;obtenir un cr\u00e9dit-bail en devise am\u00e9ricaine. &hellip; <a href=\"https:\/\/camipro.ca\/fr\/importation-et-exportation-de-vehicules\/\">Suite<\/a><\/p>\n","protected":false},"author":1,"featured_media":0,"parent":0,"menu_order":0,"comment_status":"closed","ping_status":"closed","template":"template-custom.php","meta":[],"acf":{"contact_form_custom_html_id":"","content_featured_type":"image","content_featured_image":{"ID":29628,"id":29628,"title":"Importation-exportation-vehicules","filename":"Importation-exportation-vehicules-1.jpeg","filesize":28115,"url":"https:\/\/camipro.ca\/wp-content\/uploads\/2023\/02\/Importation-exportation-vehicules-1.jpeg","link":"https:\/\/camipro.ca\/fr\/importation-et-exportation-de-vehicules\/importation-exportation-vehicules-2\/","alt":"","author":"1","description":"","caption":"","name":"importation-exportation-vehicules-2","status":"inherit","uploaded_to":29135,"date":"2023-02-10 18:37:17","modified":"2023-02-10 18:37:17","menu_order":0,"mime_type":"image\/jpeg","type":"image","subtype":"jpeg","icon":"https:\/\/camipro.ca\/wp-includes\/images\/media\/default.png","width":750,"height":330,"sizes":{"thumbnail":"https:\/\/camipro.ca\/wp-content\/uploads\/2023\/02\/Importation-exportation-vehicules-1-150x150.jpeg","thumbnail-width":150,"thumbnail-height":150,"medium":"https:\/\/camipro.ca\/wp-content\/uploads\/2023\/02\/Importation-exportation-vehicules-1-300x132.jpeg","medium-width":300,"medium-height":132,"medium_large":"https:\/\/camipro.ca\/wp-content\/uploads\/2023\/02\/Importation-exportation-vehicules-1.jpeg","medium_large-width":750,"medium_large-height":330,"large":"https:\/\/camipro.ca\/wp-content\/uploads\/2023\/02\/Importation-exportation-vehicules-1.jpeg","large-width":750,"large-height":330,"1536x1536":"https:\/\/camipro.ca\/wp-content\/uploads\/2023\/02\/Importation-exportation-vehicules-1.jpeg","1536x1536-width":750,"1536x1536-height":330,"2048x2048":"https:\/\/camipro.ca\/wp-content\/uploads\/2023\/02\/Importation-exportation-vehicules-1.jpeg","2048x2048-width":750,"2048x2048-height":330,"article-details":"https:\/\/camipro.ca\/wp-content\/uploads\/2023\/02\/Importation-exportation-vehicules-1-745x328.jpeg","article-details-width":745,"article-details-height":328,"article-listing":"https:\/\/camipro.ca\/wp-content\/uploads\/2023\/02\/Importation-exportation-vehicules-1-745x328.jpeg","article-listing-width":745,"article-listing-height":328,"event-details":"https:\/\/camipro.ca\/wp-content\/uploads\/2023\/02\/Importation-exportation-vehicules-1-745x328.jpeg","event-details-width":745,"event-details-height":328,"event-listing":"https:\/\/camipro.ca\/wp-content\/uploads\/2023\/02\/Importation-exportation-vehicules-1-745x328.jpeg","event-listing-width":745,"event-listing-height":328,"feat-article":"https:\/\/camipro.ca\/wp-content\/uploads\/2023\/02\/Importation-exportation-vehicules-1-720x317.jpeg","feat-article-width":720,"feat-article-height":317,"feat-cta":"https:\/\/camipro.ca\/wp-content\/uploads\/2023\/02\/Importation-exportation-vehicules-1-745x328.jpeg","feat-cta-width":745,"feat-cta-height":328,"feat-content":"https:\/\/camipro.ca\/wp-content\/uploads\/2023\/02\/Importation-exportation-vehicules-1-745x328.jpeg","feat-content-width":745,"feat-content-height":328,"feat-event":"https:\/\/camipro.ca\/wp-content\/uploads\/2023\/02\/Importation-exportation-vehicules-1-720x317.jpeg","feat-event-width":720,"feat-event-height":317,"feat-makes":"https:\/\/camipro.ca\/wp-content\/uploads\/2023\/02\/Importation-exportation-vehicules-1-182x80.jpeg","feat-makes-width":182,"feat-makes-height":80,"feat-related":"https:\/\/camipro.ca\/wp-content\/uploads\/2023\/02\/Importation-exportation-vehicules-1-720x317.jpeg","feat-related-width":720,"feat-related-height":317,"filter-category":"https:\/\/camipro.ca\/wp-content\/uploads\/2023\/02\/Importation-exportation-vehicules-1-486x330.jpeg","filter-category-width":486,"filter-category-height":330,"products-listing-new":"https:\/\/camipro.ca\/wp-content\/uploads\/2023\/02\/Importation-exportation-vehicules-1-460x202.jpeg","products-listing-new-width":460,"products-listing-new-height":202,"products-gallery":"https:\/\/camipro.ca\/wp-content\/uploads\/2023\/02\/Importation-exportation-vehicules-1-745x328.jpeg","products-gallery-width":745,"products-gallery-height":328,"promos-details":"https:\/\/camipro.ca\/wp-content\/uploads\/2023\/02\/Importation-exportation-vehicules-1-745x328.jpeg","promos-details-width":745,"promos-details-height":328,"promos-listing":"https:\/\/camipro.ca\/wp-content\/uploads\/2023\/02\/Importation-exportation-vehicules-1-745x328.jpeg","promos-listing-width":745,"promos-listing-height":328,"relative-product-article":"https:\/\/camipro.ca\/wp-content\/uploads\/2023\/02\/Importation-exportation-vehicules-1-745x328.jpeg","relative-product-article-width":745,"relative-product-article-height":328,"relative-product-event":"https:\/\/camipro.ca\/wp-content\/uploads\/2023\/02\/Importation-exportation-vehicules-1-745x328.jpeg","relative-product-event-width":745,"relative-product-event-height":328,"relative-product-new":"https:\/\/camipro.ca\/wp-content\/uploads\/2023\/02\/Importation-exportation-vehicules-1-690x304.jpeg","relative-product-new-width":690,"relative-product-new-height":304,"relative-product-promo":"https:\/\/camipro.ca\/wp-content\/uploads\/2023\/02\/Importation-exportation-vehicules-1-745x328.jpeg","relative-product-promo-width":745,"relative-product-promo-height":328,"slider-main":"https:\/\/camipro.ca\/wp-content\/uploads\/2023\/02\/Importation-exportation-vehicules-1.jpeg","slider-main-width":750,"slider-main-height":330,"slider-main-mobile":"https:\/\/camipro.ca\/wp-content\/uploads\/2023\/02\/Importation-exportation-vehicules-1.jpeg","slider-main-mobile-width":750,"slider-main-mobile-height":330,"slider-main-fullwidth":"https:\/\/camipro.ca\/wp-content\/uploads\/2023\/02\/Importation-exportation-vehicules-1.jpeg","slider-main-fullwidth-width":750,"slider-main-fullwidth-height":330,"slider-main-fullwidth-narrow":"https:\/\/camipro.ca\/wp-content\/uploads\/2023\/02\/Importation-exportation-vehicules-1.jpeg","slider-main-fullwidth-narrow-width":750,"slider-main-fullwidth-narrow-height":330,"map-footer":"https:\/\/camipro.ca\/wp-content\/uploads\/2023\/02\/Importation-exportation-vehicules-1.jpeg","map-footer-width":750,"map-footer-height":330,"map-footer-mobile":"https:\/\/camipro.ca\/wp-content\/uploads\/2023\/02\/Importation-exportation-vehicules-1.jpeg","map-footer-mobile-width":750,"map-footer-mobile-height":330,"map-footer-fullwidth":"https:\/\/camipro.ca\/wp-content\/uploads\/2023\/02\/Importation-exportation-vehicules-1.jpeg","map-footer-fullwidth-width":750,"map-footer-fullwidth-height":330,"map-footer-fullwidth-narrow":"https:\/\/camipro.ca\/wp-content\/uploads\/2023\/02\/Importation-exportation-vehicules-1.jpeg","map-footer-fullwidth-narrow-width":750,"map-footer-fullwidth-narrow-height":330,"team-listing":"https:\/\/camipro.ca\/wp-content\/uploads\/2023\/02\/Importation-exportation-vehicules-1-450x198.jpeg","team-listing-width":450,"team-listing-height":198,"team-sidebar":"https:\/\/camipro.ca\/wp-content\/uploads\/2023\/02\/Importation-exportation-vehicules-1-720x317.jpeg","team-sidebar-width":720,"team-sidebar-height":317,"history-timeline":"https:\/\/camipro.ca\/wp-content\/uploads\/2023\/02\/Importation-exportation-vehicules-1-380x167.jpeg","history-timeline-width":380,"history-timeline-height":167,"automatic-popup":"https:\/\/camipro.ca\/wp-content\/uploads\/2023\/02\/Importation-exportation-vehicules-1.jpeg","automatic-popup-width":750,"automatic-popup-height":330,"wc-feat-brands":"https:\/\/camipro.ca\/wp-content\/uploads\/2023\/02\/Importation-exportation-vehicules-1-170x75.jpeg","wc-feat-brands-width":170,"wc-feat-brands-height":75,"wc-products-details-brands":"https:\/\/camipro.ca\/wp-content\/uploads\/2023\/02\/Importation-exportation-vehicules-1-170x75.jpeg","wc-products-details-brands-width":170,"wc-products-details-brands-height":75}}},"_links":{"self":[{"href":"https:\/\/camipro.ca\/fr\/wp-json\/wp\/v2\/pages\/29135"}],"collection":[{"href":"https:\/\/camipro.ca\/fr\/wp-json\/wp\/v2\/pages"}],"about":[{"href":"https:\/\/camipro.ca\/fr\/wp-json\/wp\/v2\/types\/page"}],"author":[{"embeddable":true,"href":"https:\/\/camipro.ca\/fr\/wp-json\/wp\/v2\/users\/1"}],"replies":[{"embeddable":true,"href":"https:\/\/camipro.ca\/fr\/wp-json\/wp\/v2\/comments?post=29135"}],"version-history":[{"count":9,"href":"https:\/\/camipro.ca\/fr\/wp-json\/wp\/v2\/pages\/29135\/revisions"}],"predecessor-version":[{"id":29630,"href":"https:\/\/camipro.ca\/fr\/wp-json\/wp\/v2\/pages\/29135\/revisions\/29630"}],"wp:attachment":[{"href":"https:\/\/camipro.ca\/fr\/wp-json\/wp\/v2\/media?parent=29135"}],"curies":[{"name":"wp","href":"https:\/\/api.w.org\/{rel}","templated":true}]}}